{"id":1780,"date":"2023-02-20T14:38:44","date_gmt":"2023-02-20T13:38:44","guid":{"rendered":"https:\/\/www.zgvs.si\/o-zgvs\/"},"modified":"2023-04-18T07:46:17","modified_gmt":"2023-04-18T06:46:17","slug":"about-smga","status":"publish","type":"page","link":"https:\/\/www.zgvs.si\/en\/about-smga\/","title":{"rendered":"About SMGA"},"content":{"rendered":"<p>[vc_row][vc_column]        \r\n        <div class=\"title-banner\">\r\n          <div class=\"breadcrumbs-container\">\r\n            <div class=\"breadcrumbs\">\r\n              <p id=\"breadcrumbs\"><span><span class=\"breadcrumb_last\" aria-current=\"page\">Home<\/span><\/span><\/p>            <div class=\"clearfix\"><\/div>\r\n            <\/div>\r\n          <\/div>\r\n<!--\r\n          <div class=\"title-banner-image-container\" style=\"background-image: url('https:\/\/www.zgvs.si\/wp-content\/themes\/ns-template\/img\/page_title_back.jpg');\">\r\n                          <h1>About SMGA<\/h1>\r\n                      <\/div>\r\n            -->\r\n        <\/div>\r\n              \r\n        [\/vc_column][\/vc_row][vc_row][vc_column width=&#8221;1\/12&#8243;][\/vc_column][vc_column width=&#8221;10\/12&#8243;][vc_column_text el_class=&#8221;page-title-h1&#8243;]<\/p>\n<h1>About the Slovenian Mountain Guides Association<\/h1>\n<p>[\/vc_column_text][\/vc_column][vc_column width=&#8221;1\/12&#8243;][\/vc_column][\/vc_row][vc_row][vc_column width=&#8221;1\/12&#8243;][\/vc_column][vc_column width=&#8221;8\/12&#8243;][vc_column_text]Welcome to the website of the <strong>Slovenian Mountain Guides Association (SMGA)<\/strong>, the national professional association that performs the following tasks:<\/p>\n<ul>\n<li>Trains and educates new mountain guides for all forms of climbing, mountaineering, and ski touring.<\/li>\n<li>Establishes professional standards for services offered by mountain guides.<\/li>\n<li>Promotes safety, enjoyment, and good practice in climbing, mountaineering, and ski touring.<\/li>\n<li>Promotes mountain guiding in Slovenia and beyond.<\/li>\n<\/ul>\n<p>SMGA is a professional association of mountain guides that operates throughout the territory of the Republic of Slovenia. Its members work as mountain guides in Slovenia, Europe, and other parts of the world at world-famous climbing areas, mountains, and high-altitude terrain.<\/p>\n<p>Every SMGA member has extensive mountaineering experience, knowledge, and skills. They all share a passion for climbing, mountaineering, and skiing, as well as expertise in guiding groups and individuals in demanding mountain terrain.<\/p>\n<p><strong>SMGA is a member of the International Federation of Mountain Guide Associations (IFMGA<\/strong>), which coordinates standards and mutual recognition of mountain guides from twenty-six national associations of mountain guides from around the world.<\/p>\n<p><strong>A SMGA mountain guide is an IFMGA-licensed mountain guide<\/strong>, which simply means that they are an internationally qualified guide with knowledge and skills for guiding groups and individuals in the most demanding mountain environments in the world.<\/p>\n<p><strong>IFMGA mountain guides are the most qualified and experienced professionals<\/strong> for guiding people in the mountains, requiring several years of training and extensive knowledge. A mountain guide is an expert in techniques and safety, as well as a reliable companion on your adventures, from first steps to the biggest goals.[\/vc_column_text][vc_column_text]<\/p>\n<h3>Basic information<\/h3>\n<p>Address: <strong>Slovenian Mountain Guides Association<\/strong>, Ob \u017eeleznici 30a, 1000 Ljubljana, Slovenia Transaction account: IBAN SI56 6100 0001 9039 507 Swift Bic: HDELSI22 Tax number: 60283882<\/p>\n<h3>Members<\/h3>\n<p>Executive Committe President: <strong>Peter Jeromel<br \/>\n<\/strong>Vice President: Rok Zalokar<br \/>\nMembers of the executive board: Tina Di Batista, Ale\u0161 \u010cesen, Miha Habjan, Matev\u017e Vukoti\u010d, Grega Kofler<\/p>\n<p>Technical Committee President: <strong>Tadej Debevec<br \/>\n<\/strong>Members of the technical committee: Toma\u017e Jakof\u010di\u010d, Marko Prezelj, Gregor Sluga, Andrej \u0160tremfelj<br \/>\nMembers of the supervisory board: Franc Tam\u0161e, Boris Loren\u010di\u010d, Bla\u017e Navr\u0161nik<br \/>\nMembers of the disciplinary committee: Toma\u017e Jakof\u010di\u010d, Bla\u017e Stres, Borut Nagli\u010d[\/vc_column_text][\/vc_column][vc_column width=&#8221;2\/12&#8243;][vc_single_image image=&#8221;46&#8243; alignment=&#8221;center&#8221;][vc_single_image image=&#8221;48&#8243; alignment=&#8221;center&#8221;][\/vc_column][vc_column width=&#8221;1\/12&#8243;][\/vc_column][\/vc_row][vc_row][vc_column width=&#8221;1\/12&#8243;][\/vc_column][vc_column width=&#8221;10\/12&#8243;]        \n\t\t\t\t<div class=\"file-wrap \" id=\"\">\n\t\t\t\t\t<a href=\"https:\/\/www.zgvs.si\/wp-content\/uploads\/2023\/03\/STATUT2016.pdf\" target=\"_blank\" class=\"file-dl-btn\">\t\n\t\t\t\t\t\t\n\t\t\t\t\tStatut ZGVS - 2016 290,20 KB\t\t\t\t\t<\/a>\n\t\t\t\t<\/div>\n        \n                \n\t\t\t\t<div class=\"file-wrap \" id=\"\">\n\t\t\t\t\t<a href=\"https:\/\/www.zgvs.si\/wp-content\/uploads\/2023\/03\/zgodovina-zgvs-1993-2003-in-2003-2013.pdf\" target=\"_blank\" class=\"file-dl-btn\">\t\n\t\t\t\t\t\t\n\t\t\t\t\tZgodovina ZGVS 1993-2003 in 2003-2013 9,32 MB\t\t\t\t\t<\/a>\n\t\t\t\t<\/div>\n        \n        [\/vc_column][vc_column width=&#8221;1\/12&#8243;][\/vc_column][\/vc_row][vc_row full_width=&#8221;stretch_row&#8221; el_class=&#8221;o-nas-gallery-row&#8221;][vc_column]\r\n\r\n                <div class=\"row galerija-row gal-1677829304010-0e097154-d78c\">\r\n\r\n          <div class=\"col-md-3\"><a href=\"https:\/\/www.zgvs.si\/wp-content\/uploads\/2023\/03\/over.jpg\" title=\"test\"><img src=\"https:\/\/www.zgvs.si\/slir\/w300-h220-c300x220\/wp-content\/uploads\/2023\/03\/over.jpg\" \/><\/a><\/div><div class=\"col-md-3\"><a href=\"https:\/\/www.zgvs.si\/wp-content\/uploads\/2023\/03\/over1.jpg\" title=\"\"><img src=\"https:\/\/www.zgvs.si\/slir\/w300-h220-c300x220\/wp-content\/uploads\/2023\/03\/over1.jpg\" \/><\/a><\/div><div class=\"col-md-3\"><a href=\"https:\/\/www.zgvs.si\/wp-content\/uploads\/2023\/03\/over2.jpg\" title=\"\"><img src=\"https:\/\/www.zgvs.si\/slir\/w300-h220-c300x220\/wp-content\/uploads\/2023\/03\/over2.jpg\" \/><\/a><\/div><div class=\"col-md-3\"><a href=\"https:\/\/www.zgvs.si\/wp-content\/uploads\/2023\/03\/over3.jpg\" title=\"\"><img src=\"https:\/\/www.zgvs.si\/slir\/w300-h220-c300x220\/wp-content\/uploads\/2023\/03\/over3.jpg\" \/><\/a><\/div><div class=\"col-md-3\"><a href=\"https:\/\/www.zgvs.si\/wp-content\/uploads\/2023\/03\/over4.jpg\" title=\"\"><img src=\"https:\/\/www.zgvs.si\/slir\/w300-h220-c300x220\/wp-content\/uploads\/2023\/03\/over4.jpg\" \/><\/a><\/div><div class=\"col-md-3\"><a href=\"https:\/\/www.zgvs.si\/wp-content\/uploads\/2023\/03\/over5-scaled.jpg\" title=\"\"><img src=\"https:\/\/www.zgvs.si\/slir\/w300-h220-c300x220\/wp-content\/uploads\/2023\/03\/over5-scaled.jpg\" \/><\/a><\/div><div class=\"col-md-3\"><a href=\"https:\/\/www.zgvs.si\/wp-content\/uploads\/2023\/03\/over6-scaled.jpg\" title=\"\"><img src=\"https:\/\/www.zgvs.si\/slir\/w300-h220-c300x220\/wp-content\/uploads\/2023\/03\/over6-scaled.jpg\" \/><\/a><\/div><div class=\"col-md-3\"><a href=\"https:\/\/www.zgvs.si\/wp-content\/uploads\/2023\/03\/over7-scaled.jpg\" title=\"\"><img src=\"https:\/\/www.zgvs.si\/slir\/w300-h220-c300x220\/wp-content\/uploads\/2023\/03\/over7-scaled.jpg\" \/><\/a><\/div>        <\/div>\r\n\r\n        <script>\r\n           jQuery( document ).ready(function($) {\r\n            $(\".gal-1677829304010-0e097154-d78c a\").simpleLightbox();\r\n           });\r\n        <\/script>\r\n\r\n            \r\n      [\/vc_column][\/vc_row]<\/p>\n","protected":false},"excerpt":{"rendered":"<p>[vc_row][vc_column][\/vc_column][\/vc_row][vc_row][vc_column width=&#8221;1\/12&#8243;][\/vc_column][vc_column width=&#8221;10\/12&#8243;][vc_column_text el_class=&#8221;page-title-h1&#8243;] About the Slovenian Mountain Guides Association [\/vc_column_text][\/vc_column][vc_column width=&#8221;1\/12&#8243;][\/vc_column][\/vc_row][vc_row][vc_column width=&#8221;1\/12&#8243;][\/vc_column][vc_column width=&#8221;8\/12&#8243;][vc_column_text]Welcome to the website of the Slovenian Mountain Guides Association (SMGA), the national professional association that performs the following tasks: Trains and educates new mountain guides for all forms of climbing, mountaineering, and ski touring. Establishes professional standards for services offered by mountain guides. Promotes safety, enjoyment, and good practice in climbing, mountaineering, and ski touring. Promotes mountain guiding in Slovenia and beyond. SMGA is a professional association of mountain guides that operates throughout the territory of the Republic of Slovenia. Its members work as mountain guides in Slovenia, Europe, and other parts of the world at world-famous climbing areas, mountains, and high-altitude terrain. Every SMGA member [&hellip;]<\/p>\n","protected":false},"author":1,"featured_media":0,"parent":0,"menu_order":1,"comment_status":"closed","ping_status":"closed","template":"","meta":[],"_links":{"self":[{"href":"https:\/\/www.zgvs.si\/en\/wp-json\/wp\/v2\/pages\/1780"}],"collection":[{"href":"https:\/\/www.zgvs.si\/en\/wp-json\/wp\/v2\/pages"}],"about":[{"href":"https:\/\/www.zgvs.si\/en\/wp-json\/wp\/v2\/types\/page"}],"author":[{"embeddable":true,"href":"https:\/\/www.zgvs.si\/en\/wp-json\/wp\/v2\/users\/1"}],"replies":[{"embeddable":true,"href":"https:\/\/www.zgvs.si\/en\/wp-json\/wp\/v2\/comments?post=1780"}],"version-history":[{"count":2,"href":"https:\/\/www.zgvs.si\/en\/wp-json\/wp\/v2\/pages\/1780\/revisions"}],"predecessor-version":[{"id":1928,"href":"https:\/\/www.zgvs.si\/en\/wp-json\/wp\/v2\/pages\/1780\/revisions\/1928"}],"wp:attachment":[{"href":"https:\/\/www.zgvs.si\/en\/wp-json\/wp\/v2\/media?parent=1780"}],"curies":[{"name":"wp","href":"https:\/\/api.w.org\/{rel}","templated":true}]}}